{"id":15,"date":"2013-12-16T09:59:01","date_gmt":"2013-12-16T09:59:01","guid":{"rendered":"http:\/\/fuggony-varazs.hu\/?page_id=15"},"modified":"2013-12-18T10:11:21","modified_gmt":"2013-12-18T10:11:21","slug":"galeria","status":"publish","type":"page","link":"http:\/\/fuggony-varazs.hu\/?page_id=15","title":{"rendered":"Gal\u00e9ria"},"content":{"rendered":"<p><strong><code><code>\t\t\t\t<div class=\"gallery_box\">\n\t\t\t\t\t<ul>\n\t\t\t\t\t\t\t\t\t\t\t\t\t<li>\n\t\t\t\t\t\t\t\t<a rel=\"bookmark\" href=\"http:\/\/fuggony-varazs.hu\/?gallery=fuggonyok\" title=\"F\u00fcgg\u00f6ny\u00f6k\">\n\t\t\t\t\t\t\t\t\t<img width=\"120\"height=\"80\" style=\"width:120px;height:80px;border-width: 10px; border-color:#f1f1f1;border: 10px solid #f1f1f1\" alt=\"F\u00fcgg\u00f6ny\u00f6k\" title=\"F\u00fcgg\u00f6ny\u00f6k\" src=\"\" \/>\n\t\t\t\t\t\t\t\t<\/a>\n\t\t\t\t\t\t\t\t<div class=\"gallery_detail_box\">\n\t\t\t\t\t\t\t\t\t<div class=\"gllr_detail_title\">F\u00fcgg\u00f6ny\u00f6k<\/div>\n\t\t\t\t\t\t\t\t\t<div class=\"gllr_detail_excerpt\"><\/div>\n\t\t\t\t\t\t\t\t\t<a href=\"http:\/\/fuggony-varazs.hu\/?gallery=fuggonyok\">K\u00e9pek megtekint\u00e9se \u00bb<\/a>\n\t\t\t\t\t\t\t\t<\/div><!-- .gallery_detail_box -->\n\t\t\t\t\t\t\t\t<div class=\"gllr_clear\"><\/div>\n\t\t\t\t\t\t\t<\/li>\n\t\t\t\t\t\t\t\t\t\t\t<\/ul>\n\t\t\t\t<\/div><!-- .gallery_box -->\n\t\t\t<code>\t\t\t\t<div class=\"gallery_box\">\n\t\t\t\t\t<ul>\n\t\t\t\t\t\t\t\t\t\t\t\t\t<li>\n\t\t\t\t\t\t\t\t<a rel=\"bookmark\" href=\"http:\/\/fuggony-varazs.hu\/?gallery=tapetak\" title=\"Tap\u00e9t\u00e1k\">\n\t\t\t\t\t\t\t\t\t<img width=\"120\"height=\"80\" style=\"width:120px;height:80px;border-width: 10px; border-color:#f1f1f1;border: 10px solid #f1f1f1\" alt=\"Tap\u00e9t\u00e1k\" title=\"Tap\u00e9t\u00e1k\" src=\"\" \/>\n\t\t\t\t\t\t\t\t<\/a>\n\t\t\t\t\t\t\t\t<div class=\"gallery_detail_box\">\n\t\t\t\t\t\t\t\t\t<div class=\"gllr_detail_title\">Tap\u00e9t\u00e1k<\/div>\n\t\t\t\t\t\t\t\t\t<div class=\"gllr_detail_excerpt\"><\/div>\n\t\t\t\t\t\t\t\t\t<a href=\"http:\/\/fuggony-varazs.hu\/?gallery=tapetak\">K\u00e9pek megtekint\u00e9se \u00bb<\/a>\n\t\t\t\t\t\t\t\t<\/div><!-- .gallery_detail_box -->\n\t\t\t\t\t\t\t\t<div class=\"gllr_clear\"><\/div>\n\t\t\t\t\t\t\t<\/li>\n\t\t\t\t\t\t\t\t\t\t\t<\/ul>\n\t\t\t\t<\/div><!-- .gallery_box -->\n\t\t\t<\/code><code>\t\t\t\t<div class=\"gallery_box\">\n\t\t\t\t\t<ul>\n\t\t\t\t\t\t\t\t\t\t\t\t\t<li>\n\t\t\t\t\t\t\t\t<a rel=\"bookmark\" href=\"http:\/\/fuggony-varazs.hu\/?gallery=agytakarok\" title=\"\u00c1gytakar\u00f3k\">\n\t\t\t\t\t\t\t\t\t<img width=\"120\"height=\"80\" style=\"width:120px;height:80px;border-width: 10px; border-color:#f1f1f1;border: 10px solid #f1f1f1\" alt=\"\u00c1gytakar\u00f3k\" title=\"\u00c1gytakar\u00f3k\" src=\"\" \/>\n\t\t\t\t\t\t\t\t<\/a>\n\t\t\t\t\t\t\t\t<div class=\"gallery_detail_box\">\n\t\t\t\t\t\t\t\t\t<div class=\"gllr_detail_title\">\u00c1gytakar\u00f3k<\/div>\n\t\t\t\t\t\t\t\t\t<div class=\"gllr_detail_excerpt\"><\/div>\n\t\t\t\t\t\t\t\t\t<a href=\"http:\/\/fuggony-varazs.hu\/?gallery=agytakarok\">K\u00e9pek megtekint\u00e9se \u00bb<\/a>\n\t\t\t\t\t\t\t\t<\/div><!-- .gallery_detail_box -->\n\t\t\t\t\t\t\t\t<div class=\"gllr_clear\"><\/div>\n\t\t\t\t\t\t\t<\/li>\n\t\t\t\t\t\t\t\t\t\t\t<\/ul>\n\t\t\t\t<\/div><!-- .gallery_box -->\n\t\t\t<\/code><code>\t\t\t\t<div class=\"gallery_box\">\n\t\t\t\t\t<ul>\n\t\t\t\t\t\t\t\t\t\t\t\t\t<li>\n\t\t\t\t\t\t\t\t<a rel=\"bookmark\" href=\"http:\/\/fuggony-varazs.hu\/?gallery=uzlet\" title=\"\u00dczlet\">\n\t\t\t\t\t\t\t\t\t<img width=\"120\"height=\"80\" style=\"width:120px;height:80px;border-width: 10px; border-color:#f1f1f1;border: 10px solid #f1f1f1\" alt=\"\u00dczlet\" title=\"\u00dczlet\" src=\"\" \/>\n\t\t\t\t\t\t\t\t<\/a>\n\t\t\t\t\t\t\t\t<div class=\"gallery_detail_box\">\n\t\t\t\t\t\t\t\t\t<div class=\"gllr_detail_title\">\u00dczlet<\/div>\n\t\t\t\t\t\t\t\t\t<div class=\"gllr_detail_excerpt\"><\/div>\n\t\t\t\t\t\t\t\t\t<a href=\"http:\/\/fuggony-varazs.hu\/?gallery=uzlet\">K\u00e9pek megtekint\u00e9se \u00bb<\/a>\n\t\t\t\t\t\t\t\t<\/div><!-- .gallery_detail_box -->\n\t\t\t\t\t\t\t\t<div class=\"gllr_clear\"><\/div>\n\t\t\t\t\t\t\t<\/li>\n\t\t\t\t\t\t\t\t\t\t\t<\/ul>\n\t\t\t\t<\/div><!-- .gallery_box -->\n\t\t\t<\/code><\/code><\/code><\/strong><\/p>\n","protected":false},"excerpt":{"rendered":"","protected":false},"author":1,"featured_media":0,"parent":0,"menu_order":0,"comment_status":"closed","ping_status":"closed","template":"page-full_width.php","meta":[],"_links":{"self":[{"href":"http:\/\/fuggony-varazs.hu\/index.php?rest_route=\/wp\/v2\/pages\/15"}],"collection":[{"href":"http:\/\/fuggony-varazs.hu\/index.php?rest_route=\/wp\/v2\/pages"}],"about":[{"href":"http:\/\/fuggony-varazs.hu\/index.php?rest_route=\/wp\/v2\/types\/page"}],"author":[{"embeddable":true,"href":"http:\/\/fuggony-varazs.hu\/index.php?rest_route=\/wp\/v2\/users\/1"}],"replies":[{"embeddable":true,"href":"http:\/\/fuggony-varazs.hu\/index.php?rest_route=%2Fwp%2Fv2%2Fcomments&post=15"}],"version-history":[{"count":10,"href":"http:\/\/fuggony-varazs.hu\/index.php?rest_route=\/wp\/v2\/pages\/15\/revisions"}],"predecessor-version":[{"id":188,"href":"http:\/\/fuggony-varazs.hu\/index.php?rest_route=\/wp\/v2\/pages\/15\/revisions\/188"}],"wp:attachment":[{"href":"http:\/\/fuggony-varazs.hu\/index.php?rest_route=%2Fwp%2Fv2%2Fmedia&parent=15"}],"curies":[{"name":"wp","href":"https:\/\/api.w.org\/{rel}","templated":true}]}}