{"id":5,"date":"2013-12-16T09:57:06","date_gmt":"2013-12-16T09:57:06","guid":{"rendered":"http:\/\/fuggony-varazs.hu\/?page_id=5"},"modified":"2013-12-18T17:07:16","modified_gmt":"2013-12-18T17:07:16","slug":"bemutatkozas","status":"publish","type":"page","link":"http:\/\/fuggony-varazs.hu\/?page_id=5","title":{"rendered":"Bemutatkoz\u00e1s"},"content":{"rendered":"<h2>\u00dcdv\u00f6zl\u00f6m a F\u00fcgg\u00f6ny Var\u00e1zs honlapj\u00e1n!<\/h2>\n<p style=\"text-align: center;\"><a href=\"http:\/\/fuggony-varazs.hu\/wp-content\/uploads\/2013\/12\/522181_104441826357405_584623633_n.jpg\"><img loading=\"lazy\" class=\"alignnone size-medium wp-image-163\" alt=\"522181_104441826357405_584623633_n.jpg\" src=\"http:\/\/fuggony-varazs.hu\/wp-content\/uploads\/2013\/12\/522181_104441826357405_584623633_n-300x200.jpg\" width=\"300\" height=\"200\" srcset=\"http:\/\/fuggony-varazs.hu\/wp-content\/uploads\/2013\/12\/522181_104441826357405_584623633_n-300x200.jpg 300w, http:\/\/fuggony-varazs.hu\/wp-content\/uploads\/2013\/12\/522181_104441826357405_584623633_n-120x80.jpg 120w, http:\/\/fuggony-varazs.hu\/wp-content\/uploads\/2013\/12\/522181_104441826357405_584623633_n.jpg 700w\" sizes=\"(max-width: 300px) 100vw, 300px\" \/><\/a><a href=\"http:\/\/fuggony-varazs.hu\/wp-content\/uploads\/2013\/12\/523124_104421119692809_5329850_n.jpg\">\u00a0\u00a0\u00a0\u00a0\u00a0 <img loading=\"lazy\" class=\"alignnone size-medium wp-image-167\" alt=\"523124_104421119692809_5329850_n.jpg\" src=\"http:\/\/fuggony-varazs.hu\/wp-content\/uploads\/2013\/12\/523124_104421119692809_5329850_n-300x200.jpg\" width=\"300\" height=\"200\" srcset=\"http:\/\/fuggony-varazs.hu\/wp-content\/uploads\/2013\/12\/523124_104421119692809_5329850_n-300x200.jpg 300w, http:\/\/fuggony-varazs.hu\/wp-content\/uploads\/2013\/12\/523124_104421119692809_5329850_n-120x80.jpg 120w, http:\/\/fuggony-varazs.hu\/wp-content\/uploads\/2013\/12\/523124_104421119692809_5329850_n.jpg 620w\" sizes=\"(max-width: 300px) 100vw, 300px\" \/><\/a><\/p>\n<h3 style=\"text-align: justify;\">F\u00fcgg\u00f6ny\u00f6k, s\u00f6t\u00e9t\u00edt\u0151k, dekorok, karnisok,tap\u00e9t\u00e1k, kieg\u00e9sz\u00edt\u0151k egy helyen. Teljesk\u00f6r\u0171 szolg\u00e1ltat\u00e1s a felm\u00e9r\u00e9st\u0151l a felszerel\u00e9sig. N\u00e1lam minden \u00e1rkateg\u00f3ri\u00e1ban megtal\u00e1lja az ig\u00e9ny\u00e9nek legjobban megfelel\u0151 term\u00e9ket.K\u00f6zel 600 mintas\u00e1l k\u00f6z\u00fcl v\u00e1laszthat.V\u00e1llalom f\u00fcgg\u00f6ny\u00f6k, drap\u00e9ri\u00e1k, raffrol\u00f3k m\u00e9ret ut\u00e1ni k\u00e9sz\u00edt\u00e9s\u00e9t, az itt v\u00e1s\u00e1rolt karnisok \u00e9s \u00e1rny\u00e9kol\u00f3k felszerel\u00e9s\u00e9t.<\/h3>\n","protected":false},"excerpt":{"rendered":"<p>\u00dcdv\u00f6zl\u00f6m a F\u00fcgg\u00f6ny Var\u00e1zs honlapj\u00e1n! \u00a0\u00a0\u00a0\u00a0\u00a0 F\u00fcgg\u00f6ny\u00f6k, s\u00f6t\u00e9t\u00edt\u0151k, dekorok, karnisok,tap\u00e9t\u00e1k, kieg\u00e9sz\u00edt\u0151k egy helyen. Teljesk\u00f6r\u0171 szolg\u00e1ltat\u00e1s a felm\u00e9r\u00e9st\u0151l a felszerel\u00e9sig. N\u00e1lam minden \u00e1rkateg\u00f3ri\u00e1ban megtal\u00e1lja az ig\u00e9ny\u00e9nek legjobban megfelel\u0151 term\u00e9ket.K\u00f6zel 600 mintas\u00e1l k\u00f6z\u00fcl v\u00e1laszthat.V\u00e1llalom f\u00fcgg\u00f6ny\u00f6k, drap\u00e9ri\u00e1k, raffrol\u00f3k m\u00e9ret ut\u00e1ni k\u00e9sz\u00edt\u00e9s\u00e9t, az itt v\u00e1s\u00e1rolt karnisok \u00e9s \u00e1rny\u00e9kol\u00f3k felszerel\u00e9s\u00e9t.<\/p>\n","protected":false},"author":1,"featured_media":0,"parent":0,"menu_order":0,"comment_status":"closed","ping_status":"closed","template":"page-full_width.php","meta":[],"_links":{"self":[{"href":"http:\/\/fuggony-varazs.hu\/index.php?rest_route=\/wp\/v2\/pages\/5"}],"collection":[{"href":"http:\/\/fuggony-varazs.hu\/index.php?rest_route=\/wp\/v2\/pages"}],"about":[{"href":"http:\/\/fuggony-varazs.hu\/index.php?rest_route=\/wp\/v2\/types\/page"}],"author":[{"embeddable":true,"href":"http:\/\/fuggony-varazs.hu\/index.php?rest_route=\/wp\/v2\/users\/1"}],"replies":[{"embeddable":true,"href":"http:\/\/fuggony-varazs.hu\/index.php?rest_route=%2Fwp%2Fv2%2Fcomments&post=5"}],"version-history":[{"count":18,"href":"http:\/\/fuggony-varazs.hu\/index.php?rest_route=\/wp\/v2\/pages\/5\/revisions"}],"predecessor-version":[{"id":220,"href":"http:\/\/fuggony-varazs.hu\/index.php?rest_route=\/wp\/v2\/pages\/5\/revisions\/220"}],"wp:attachment":[{"href":"http:\/\/fuggony-varazs.hu\/index.php?rest_route=%2Fwp%2Fv2%2Fmedia&parent=5"}],"curies":[{"name":"wp","href":"https:\/\/api.w.org\/{rel}","templated":true}]}}