{"id":7,"date":"2013-12-16T09:57:19","date_gmt":"2013-12-16T09:57:19","guid":{"rendered":"http:\/\/fuggony-varazs.hu\/?page_id=7"},"modified":"2013-12-19T11:42:39","modified_gmt":"2013-12-19T11:42:39","slug":"szolgaltatas","status":"publish","type":"page","link":"http:\/\/fuggony-varazs.hu\/?page_id=7","title":{"rendered":"Szolg\u00e1ltat\u00e1s"},"content":{"rendered":"<div>\n<h3 style=\"text-align: left; padding-left: 210px;\"><a href=\"http:\/\/fuggony-varazs.hu\/wp-content\/uploads\/2013\/12\/szalag.jpg\"><img loading=\"lazy\" class=\"size-full wp-image-222 alignleft\" style=\"border: 0px none;\" alt=\"szalag\" src=\"http:\/\/fuggony-varazs.hu\/wp-content\/uploads\/2013\/12\/szalag.jpg\" width=\"75\" height=\"75\" \/><\/a>el\u0151zetes felm\u00e9r\u00e9s<\/h3>\n<p>&nbsp;<\/p>\n<p>&nbsp;<\/p>\n<h3 style=\"padding-left: 210px;\"><a href=\"http:\/\/fuggony-varazs.hu\/wp-content\/uploads\/2013\/12\/varr.jpg\"><img loading=\"lazy\" class=\"size-full wp-image-223 alignleft\" alt=\"varr\" src=\"http:\/\/fuggony-varazs.hu\/wp-content\/uploads\/2013\/12\/varr.jpg\" width=\"75\" height=\"75\" \/><\/a>kiv\u00e1lasztott f\u00fcgg\u00f6ny \u00e9s dekor anyagok varr\u00e1sa<\/h3>\n<p>&nbsp;<\/p>\n<p>&nbsp;<\/p>\n<h3 style=\"text-align: left; padding-left: 210px;\"><a href=\"http:\/\/fuggony-varazs.hu\/wp-content\/uploads\/2013\/12\/fur.jpg\"><img loading=\"lazy\" class=\"size-full wp-image-221 alignleft\" alt=\"fur\" src=\"http:\/\/fuggony-varazs.hu\/wp-content\/uploads\/2013\/12\/fur.jpg\" width=\"75\" height=\"75\" \/><\/a>az \u00fczletben v\u00e1s\u00e1rolt f\u00f6gg\u00fcny, dekor \u00e9s kieg\u00e9sz\u00edt\u0151k felszerel\u00e9se<\/h3>\n<\/div>\n","protected":false},"excerpt":{"rendered":"<p>el\u0151zetes felm\u00e9r\u00e9s &nbsp; &nbsp; kiv\u00e1lasztott f\u00fcgg\u00f6ny \u00e9s dekor anyagok varr\u00e1sa &nbsp; &nbsp; az \u00fczletben v\u00e1s\u00e1rolt f\u00f6gg\u00fcny, dekor \u00e9s kieg\u00e9sz\u00edt\u0151k felszerel\u00e9se<\/p>\n","protected":false},"author":1,"featured_media":0,"parent":0,"menu_order":0,"comment_status":"closed","ping_status":"closed","template":"page-full_width.php","meta":[],"_links":{"self":[{"href":"http:\/\/fuggony-varazs.hu\/index.php?rest_route=\/wp\/v2\/pages\/7"}],"collection":[{"href":"http:\/\/fuggony-varazs.hu\/index.php?rest_route=\/wp\/v2\/pages"}],"about":[{"href":"http:\/\/fuggony-varazs.hu\/index.php?rest_route=\/wp\/v2\/types\/page"}],"author":[{"embeddable":true,"href":"http:\/\/fuggony-varazs.hu\/index.php?rest_route=\/wp\/v2\/users\/1"}],"replies":[{"embeddable":true,"href":"http:\/\/fuggony-varazs.hu\/index.php?rest_route=%2Fwp%2Fv2%2Fcomments&post=7"}],"version-history":[{"count":17,"href":"http:\/\/fuggony-varazs.hu\/index.php?rest_route=\/wp\/v2\/pages\/7\/revisions"}],"predecessor-version":[{"id":234,"href":"http:\/\/fuggony-varazs.hu\/index.php?rest_route=\/wp\/v2\/pages\/7\/revisions\/234"}],"wp:attachment":[{"href":"http:\/\/fuggony-varazs.hu\/index.php?rest_route=%2Fwp%2Fv2%2Fmedia&parent=7"}],"curies":[{"name":"wp","href":"https:\/\/api.w.org\/{rel}","templated":true}]}}