{"id":9,"date":"2013-12-16T09:57:55","date_gmt":"2013-12-16T09:57:55","guid":{"rendered":"http:\/\/fuggony-varazs.hu\/?page_id=9"},"modified":"2013-12-19T12:07:37","modified_gmt":"2013-12-19T12:07:37","slug":"termekek","status":"publish","type":"page","link":"http:\/\/fuggony-varazs.hu\/?page_id=9","title":{"rendered":"Term\u00e9kek"},"content":{"rendered":"<h3><\/h3>\n<h3><a href=\"http:\/\/fuggony-varazs.hu\/wp-content\/uploads\/2013\/12\/582528_107632696038318_1198082681_n.jpg\"><img loading=\"lazy\" class=\"alignnone  wp-image-178\" alt=\"582528_107632696038318_1198082681_n.jpg\" src=\"http:\/\/fuggony-varazs.hu\/wp-content\/uploads\/2013\/12\/582528_107632696038318_1198082681_n-300x200.jpg\" width=\"125\" height=\"80\" \/><\/a><a href=\"http:\/\/fuggony-varazs.hu\/wp-content\/uploads\/2013\/12\/536377_107507812717473_436473202_n.jpg\">\u00a0\u00a0\u00a0\u00a0\u00a0\u00a0\u00a0\u00a0\u00a0\u00a0\u00a0\u00a0\u00a0\u00a0\u00a0\u00a0\u00a0\u00a0\u00a0\u00a0\u00a0\u00a0\u00a0\u00a0\u00a0\u00a0\u00a0\u00a0\u00a0\u00a0\u00a0\u00a0\u00a0\u00a0\u00a0\u00a0\u00a0\u00a0\u00a0\u00a0 \u00a0 \u00a0 \u00a0 \u00a0 \u00a0 \u00a0 \u00a0 \u00a0 \u00a0 \u00a0 \u00a0 \u00a0 \u00a0 \u00a0\u00a0\u00a0 <img loading=\"lazy\" class=\"alignnone  wp-image-150\" alt=\"536377_107507812717473_436473202_n.jpg\" src=\"http:\/\/fuggony-varazs.hu\/wp-content\/uploads\/2013\/12\/536377_107507812717473_436473202_n-300x225.jpg\" width=\"125\" height=\"80\" \/><\/a><\/h3>\n<h3 style=\"text-align: left;\">f\u00fcgg\u00f6ny\u00f6k\u00a0\u00a0\u00a0\u00a0\u00a0\u00a0\u00a0\u00a0\u00a0\u00a0\u00a0\u00a0\u00a0\u00a0\u00a0\u00a0\u00a0\u00a0\u00a0\u00a0\u00a0\u00a0\u00a0\u00a0\u00a0\u00a0\u00a0\u00a0\u00a0\u00a0\u00a0\u00a0\u00a0\u00a0\u00a0\u00a0\u00a0\u00a0\u00a0\u00a0\u00a0\u00a0\u00a0\u00a0\u00a0\u00a0\u00a0\u00a0 \u00a0 \u00a0 \u00a0 \u00a0 \u00a0 \u00a0 \u00a0 \u00a0 \u00a0 \u00a0 \u00a0 \u00a0 \u00a0 \u00a0 \u00a0 \u00a0 \u00a0 \u00a0 \u00a0 \u00a0\u00a0\u00a0\u00a0 tap\u00e9t\u00e1k<\/h3>\n<h3><a href=\"http:\/\/fuggony-varazs.hu\/wp-content\/uploads\/2013\/12\/576679_104420916359496_618141420_n.jpg\"><img loading=\"lazy\" class=\"wp-image-175 alignnone\" alt=\"576679_104420916359496_618141420_n.jpg\" src=\"http:\/\/fuggony-varazs.hu\/wp-content\/uploads\/2013\/12\/576679_104420916359496_618141420_n-300x200.jpg\" width=\"125\" height=\"80\" \/>\u00a0\u00a0\u00a0\u00a0\u00a0\u00a0\u00a0\u00a0\u00a0\u00a0\u00a0\u00a0\u00a0\u00a0\u00a0\u00a0\u00a0\u00a0\u00a0\u00a0\u00a0\u00a0\u00a0\u00a0\u00a0\u00a0\u00a0\u00a0\u00a0\u00a0\u00a0\u00a0\u00a0\u00a0\u00a0\u00a0\u00a0\u00a0\u00a0 \u00a0 \u00a0 \u00a0 \u00a0 \u00a0 \u00a0 \u00a0 \u00a0 \u00a0 \u00a0 \u00a0 \u00a0 \u00a0 \u00a0\u00a0\u00a0\u00a0 <\/a><a href=\"http:\/\/fuggony-varazs.hu\/wp-content\/uploads\/2013\/12\/560268_186971538104433_485377933_n.jpg\"><img loading=\"lazy\" class=\"alignnone  wp-image-174\" alt=\"560268_186971538104433_485377933_n.jpg\" src=\"http:\/\/fuggony-varazs.hu\/wp-content\/uploads\/2013\/12\/560268_186971538104433_485377933_n-300x225.jpg\" width=\"125\" height=\"80\" \/><\/a><\/h3>\n<h3>drap\u00e9ri\u00e1k \u00a0 \u00a0 \u00a0 \u00a0 \u00a0 \u00a0 \u00a0 \u00a0 \u00a0 \u00a0 \u00a0 \u00a0 \u00a0 \u00a0 \u00a0 \u00a0 \u00a0 \u00a0 \u00a0 \u00a0 \u00a0 \u00a0 \u00a0 \u00a0 \u00a0 \u00a0 \u00a0 \u00a0 \u00a0 \u00a0 \u00a0 \u00a0 \u00a0 \u00a0 \u00a0 \u00a0 \u00a0 \u00a0 \u00a0 \u00a0 \u00a0 \u00a0 \u00a0 \u00a0\u00a0 \u00a0\u00a0 karnisok<\/h3>\n<h3><a href=\"http:\/\/fuggony-varazs.hu\/wp-content\/uploads\/2013\/12\/602310_157338541067733_1382102933_n.jpg\"><img loading=\"lazy\" class=\"alignnone  wp-image-137\" alt=\"602310_157338541067733_1382102933_n.jpg\" src=\"http:\/\/fuggony-varazs.hu\/wp-content\/uploads\/2013\/12\/602310_157338541067733_1382102933_n-300x225.jpg\" width=\"125\" height=\"80\" \/><\/a>\u00a0\u00a0\u00a0\u00a0\u00a0\u00a0\u00a0\u00a0\u00a0\u00a0\u00a0\u00a0\u00a0\u00a0\u00a0\u00a0\u00a0\u00a0\u00a0\u00a0\u00a0\u00a0\u00a0\u00a0\u00a0\u00a0\u00a0\u00a0\u00a0\u00a0\u00a0 \u00a0 \u00a0 \u00a0 \u00a0 \u00a0 \u00a0 \u00a0 \u00a0 \u00a0 \u00a0 \u00a0 \u00a0 \u00a0 \u00a0\u00a0\u00a0\u00a0\u00a0\u00a0\u00a0\u00a0\u00a0\u00a0\u00a0\u00a0\u00a0<a href=\"http:\/\/fuggony-varazs.hu\/wp-content\/uploads\/2013\/12\/399031_107630016038586_2066445187_n.jpg\"><img loading=\"lazy\" class=\"alignnone  wp-image-164\" alt=\"399031_107630016038586_2066445187_n.jpg\" src=\"http:\/\/fuggony-varazs.hu\/wp-content\/uploads\/2013\/12\/399031_107630016038586_2066445187_n-300x200.jpg\" width=\"125\" height=\"80\" \/><\/a><\/h3>\n<h3>raffrol\u00f3k\u00a0\u00a0\u00a0\u00a0\u00a0\u00a0\u00a0\u00a0\u00a0\u00a0\u00a0\u00a0\u00a0\u00a0\u00a0\u00a0\u00a0\u00a0\u00a0\u00a0\u00a0\u00a0\u00a0\u00a0\u00a0\u00a0\u00a0\u00a0\u00a0\u00a0\u00a0\u00a0\u00a0\u00a0\u00a0\u00a0\u00a0\u00a0\u00a0\u00a0\u00a0\u00a0\u00a0\u00a0\u00a0\u00a0\u00a0\u00a0\u00a0 \u00a0 \u00a0 \u00a0 \u00a0 \u00a0 \u00a0 \u00a0 \u00a0 \u00a0 \u00a0 \u00a0 \u00a0 \u00a0 \u00a0 \u00a0 \u00a0 \u00a0 \u00a0 \u00a0\u00a0\u00a0 \u00a0\u00a0\u00a0 kieg\u00e9sz\u00edt\u0151k<\/h3>\n<p>&nbsp;<\/p>\n","protected":false},"excerpt":{"rendered":"<p>\u00a0\u00a0\u00a0\u00a0\u00a0\u00a0\u00a0\u00a0\u00a0\u00a0\u00a0\u00a0\u00a0\u00a0\u00a0\u00a0\u00a0\u00a0\u00a0\u00a0\u00a0\u00a0\u00a0\u00a0\u00a0\u00a0\u00a0\u00a0\u00a0\u00a0\u00a0\u00a0\u00a0\u00a0\u00a0\u00a0\u00a0\u00a0\u00a0\u00a0 \u00a0 \u00a0 \u00a0 \u00a0 \u00a0 \u00a0 \u00a0 \u00a0 \u00a0 \u00a0 \u00a0 \u00a0 \u00a0 \u00a0\u00a0\u00a0 f\u00fcgg\u00f6ny\u00f6k\u00a0\u00a0\u00a0\u00a0\u00a0\u00a0\u00a0\u00a0\u00a0\u00a0\u00a0\u00a0\u00a0\u00a0\u00a0\u00a0\u00a0\u00a0\u00a0\u00a0\u00a0\u00a0\u00a0\u00a0\u00a0\u00a0\u00a0\u00a0\u00a0\u00a0\u00a0\u00a0\u00a0\u00a0\u00a0\u00a0\u00a0\u00a0\u00a0\u00a0\u00a0\u00a0\u00a0\u00a0\u00a0\u00a0\u00a0\u00a0 \u00a0 \u00a0 \u00a0 \u00a0 \u00a0 \u00a0 \u00a0 \u00a0 \u00a0 \u00a0 \u00a0 \u00a0 \u00a0 \u00a0 \u00a0 \u00a0 \u00a0 \u00a0 \u00a0 \u00a0\u00a0\u00a0\u00a0 tap\u00e9t\u00e1k \u00a0\u00a0\u00a0\u00a0\u00a0\u00a0\u00a0\u00a0\u00a0\u00a0\u00a0\u00a0\u00a0\u00a0\u00a0\u00a0\u00a0\u00a0\u00a0\u00a0\u00a0\u00a0\u00a0\u00a0\u00a0\u00a0\u00a0\u00a0\u00a0\u00a0\u00a0\u00a0\u00a0\u00a0\u00a0\u00a0\u00a0\u00a0\u00a0 \u00a0 \u00a0 \u00a0 \u00a0 \u00a0 \u00a0 \u00a0 \u00a0 \u00a0 \u00a0 \u00a0 \u00a0 \u00a0 \u00a0\u00a0\u00a0\u00a0 drap\u00e9ri\u00e1k \u00a0 \u00a0 [&hellip;]<\/p>\n","protected":false},"author":1,"featured_media":0,"parent":0,"menu_order":0,"comment_status":"closed","ping_status":"closed","template":"page-full_width.php","meta":[],"_links":{"self":[{"href":"http:\/\/fuggony-varazs.hu\/index.php?rest_route=\/wp\/v2\/pages\/9"}],"collection":[{"href":"http:\/\/fuggony-varazs.hu\/index.php?rest_route=\/wp\/v2\/pages"}],"about":[{"href":"http:\/\/fuggony-varazs.hu\/index.php?rest_route=\/wp\/v2\/types\/page"}],"author":[{"embeddable":true,"href":"http:\/\/fuggony-varazs.hu\/index.php?rest_route=\/wp\/v2\/users\/1"}],"replies":[{"embeddable":true,"href":"http:\/\/fuggony-varazs.hu\/index.php?rest_route=%2Fwp%2Fv2%2Fcomments&post=9"}],"version-history":[{"count":20,"href":"http:\/\/fuggony-varazs.hu\/index.php?rest_route=\/wp\/v2\/pages\/9\/revisions"}],"predecessor-version":[{"id":249,"href":"http:\/\/fuggony-varazs.hu\/index.php?rest_route=\/wp\/v2\/pages\/9\/revisions\/249"}],"wp:attachment":[{"href":"http:\/\/fuggony-varazs.hu\/index.php?rest_route=%2Fwp%2Fv2%2Fmedia&parent=9"}],"curies":[{"name":"wp","href":"https:\/\/api.w.org\/{rel}","templated":true}]}}